{"id":8385,"date":"2022-11-11T11:28:59","date_gmt":"2022-11-11T16:28:59","guid":{"rendered":"https:\/\/expertmaison.com\/uncategorized\/nordia-0902\/"},"modified":"2023-02-03T15:57:47","modified_gmt":"2023-02-03T20:57:47","slug":"nordia-0902","status":"publish","type":"product","link":"https:\/\/expertmaison.com\/en\/models\/nordia-0902\/","title":{"rendered":"Nordia (0902)"},"content":{"rendered":"<p>Cottage de style Farmhouse scandinave avec un superbe plan d\u2019am\u00e9nagement int\u00e9rieur comprenant un grand hall d\u2019entr\u00e9e avec penderie flanqu\u00e9 sur le c\u00f4t\u00e9 droit d'un acc\u00e8s rapide \u00e0 une grande salle de lavage et sur le c\u00f4t\u00e9 gauche d'une salle d\u2019eau fort pratique. Les espaces \u00e0 vivre qui b\u00e9n\u00e9ficient de belles grandes fen\u00eatres dans chaque pi\u00e8ce sont r\u00e9partis autour d'un escalier faisant office de trait d\u2019union entre la cuisine, la salle \u00e0 manger et le grand s\u00e9jour fenestr\u00e9 qui donne le ton \u00e0 ce plan d\u2019inspiration europ\u00e9enne. La cuisine est \u00e9quip\u00e9e d'un grand \u00eelot moderne rectilin\u00e9aire, beaucoup d'armoires et d'une porte-patio qui baignera votre vie de bonheur et de lumi\u00e8re et vous procurera un acc\u00e8s direct \u00e0 la cour arri\u00e8re. A l\u2019\u00e9tage : 3 belles chambres \u00e0 coucher avec penderie. Une salle de bain tendance compl\u00e8te \u00e0 deux acc\u00e8s efficaces. La chambre des ma\u00eetre est connect\u00e9e \u00e0 une garde-robe walk-in qui permet d'acc\u00e9der \u00e0 la zone bain en sas (comprenant un bain autoportant, une lingerie et une porte de poche pour plus d\u2019intimit\u00e9) et de passer \u00e0 la zone fonctionnelle de la salle de bain (incluant une douche ind\u00e9pendante, toilette, comptoir\/lavabo et lingerie). Et \u00e0 ne pas oublier : un sous-sol \u00e0 am\u00e9nager selon vos besoins pour prolonger cette maison de r\u00eave et ravir tous ses occupants.<\/p>\n","protected":false},"excerpt":{"rendered":"<p>Cottage de style Farmhouse scandinave avec un superbe plan d\u2019am\u00e9nagement int\u00e9rieur comprenant un grand hall [&hellip;]<\/p>\n","protected":false},"featured_media":8257,"template":"","meta":{"_acf_changed":false,"_seopress_robots_primary_cat":"none","_seopress_titles_title":"","_seopress_titles_desc":"","_seopress_robots_index":"","inline_featured_image":false},"product_brand":[],"product_cat":[100],"product_tag":[],"class_list":{"0":"post-8385","1":"product","2":"type-product","3":"status-publish","4":"has-post-thumbnail","6":"product_cat-models","7":"styles-farmhouse-en","8":"types-two-storey","10":"first","11":"instock","12":"shipping-taxable","13":"product-type-simple"},"acf":[],"_links":{"self":[{"href":"https:\/\/expertmaison.com\/en\/wp-json\/wp\/v2\/product\/8385","targetHints":{"allow":["GET"]}}],"collection":[{"href":"https:\/\/expertmaison.com\/en\/wp-json\/wp\/v2\/product"}],"about":[{"href":"https:\/\/expertmaison.com\/en\/wp-json\/wp\/v2\/types\/product"}],"wp:featuredmedia":[{"embeddable":true,"href":"https:\/\/expertmaison.com\/en\/wp-json\/wp\/v2\/media\/8257"}],"wp:attachment":[{"href":"https:\/\/expertmaison.com\/en\/wp-json\/wp\/v2\/media?parent=8385"}],"wp:term":[{"taxonomy":"product_brand","embeddable":true,"href":"https:\/\/expertmaison.com\/en\/wp-json\/wp\/v2\/product_brand?post=8385"},{"taxonomy":"product_cat","embeddable":true,"href":"https:\/\/expertmaison.com\/en\/wp-json\/wp\/v2\/product_cat?post=8385"},{"taxonomy":"product_tag","embeddable":true,"href":"https:\/\/expertmaison.com\/en\/wp-json\/wp\/v2\/product_tag?post=8385"}],"curies":[{"name":"wp","href":"https:\/\/api.w.org\/{rel}","templated":true}]}}