{"id":8384,"date":"2022-08-22T16:08:37","date_gmt":"2022-08-22T20:08:37","guid":{"rendered":"https:\/\/expertmaison.com\/uncategorized\/tessa\/"},"modified":"2025-01-08T11:04:04","modified_gmt":"2025-01-08T16:04:04","slug":"tessa","status":"publish","type":"product","link":"https:\/\/expertmaison.com\/en\/models\/tessa\/","title":{"rendered":"Tessa"},"content":{"rendered":"<p>Enhance your daily life with the Tessa home concept designed and thought to be in tune with today's modern needs and much sought-after commodities and lifestyle experiences. Panoramic windows, open plan layout, fabulous kitchen and bathroom, large central island, mudroom entrance, storage, wardrobes, pantry, it\u2019s all there carefully curated and optimized for beyond ordinary living! Its open plan has a magnificent contemporary kitchen, a dining room and a living room that extends onto a beautifully sheltered terrace. Its abundance of windows creates the outside\/inside feeling, bathing the living spaces in natural light and views of nature and the seasons. The living areas are well delimited from private living areas. Plan a basement of your own and extend this lifestyle to another level.<\/p>\n<p>&nbsp;<\/p>\n","protected":false},"excerpt":{"rendered":"<p>Enhance your daily life with the Tessa home concept designed and thought to be in [&hellip;]<\/p>\n","protected":false},"featured_media":8565,"template":"","meta":{"_acf_changed":false,"_seopress_robots_primary_cat":"none","_seopress_titles_title":"Mod\u00e8le Meza (820) \u2013 D\u00e9couvrez les d\u00e9tails du mod\u00e8le d'Expert Maison","_seopress_titles_desc":"D\u00e9couvrez les caract\u00e9ristiques du mod\u00e8le 820. Fabriqu\u00e9e par Expert Maison, cette maison modulaire peut \u00eatre personnalis\u00e9e pour r\u00e9pondre \u00e0 tous vos besoins.","_seopress_robots_index":"","inline_featured_image":false},"product_brand":[],"product_cat":[100],"product_tag":[],"class_list":{"0":"post-8384","1":"product","2":"type-product","3":"status-publish","4":"has-post-thumbnail","6":"product_cat-models","8":"first","9":"instock","10":"purchasable","11":"product-type-simple"},"acf":[],"_links":{"self":[{"href":"https:\/\/expertmaison.com\/en\/wp-json\/wp\/v2\/product\/8384","targetHints":{"allow":["GET"]}}],"collection":[{"href":"https:\/\/expertmaison.com\/en\/wp-json\/wp\/v2\/product"}],"about":[{"href":"https:\/\/expertmaison.com\/en\/wp-json\/wp\/v2\/types\/product"}],"wp:featuredmedia":[{"embeddable":true,"href":"https:\/\/expertmaison.com\/en\/wp-json\/wp\/v2\/media\/8565"}],"wp:attachment":[{"href":"https:\/\/expertmaison.com\/en\/wp-json\/wp\/v2\/media?parent=8384"}],"wp:term":[{"taxonomy":"product_brand","embeddable":true,"href":"https:\/\/expertmaison.com\/en\/wp-json\/wp\/v2\/product_brand?post=8384"},{"taxonomy":"product_cat","embeddable":true,"href":"https:\/\/expertmaison.com\/en\/wp-json\/wp\/v2\/product_cat?post=8384"},{"taxonomy":"product_tag","embeddable":true,"href":"https:\/\/expertmaison.com\/en\/wp-json\/wp\/v2\/product_tag?post=8384"}],"curies":[{"name":"wp","href":"https:\/\/api.w.org\/{rel}","templated":true}]}}